{"id":3128,"date":"2017-08-15T00:17:05","date_gmt":"2017-08-14T22:17:05","guid":{"rendered":"https:\/\/slovenci.rs\/?page_id=3128"},"modified":"2023-02-13T02:01:53","modified_gmt":"2023-02-13T01:01:53","slug":"maja-djukanovic","status":"publish","type":"page","link":"https:\/\/slovenci.rs\/sl\/maja-djukanovic\/","title":{"rendered":"Maja \u0110ukanovi\u0107"},"content":{"rendered":"<p>&nbsp;<\/p>\n<p style=\"text-align: justify;\">BIOGRAFIJA<\/p>\n<p>MAJA \u0110UKANOVI\u0106<\/p>\n<p style=\"text-align: justify;\">Ro\u0111ena 27. maja 1962. u Ljubljani, u Beogradu zavr\u0161ila osnovnu i srednju \u0161kolu, gde je i diplomirala, magistrirala i doktorirala na Filolo\u0161kom fakultetu, na kojem od 1989. predaje slovena\u010dki jezik, sada u zvanju redovnog profesora. Na Filolo\u0161kom fakultetu u Beogradu je uvela studije slovena\u010dkog jezika kao paralelne studije na Katedri za Op\u0161tu lingvistiku. \u010clanica Dru\u0161tva Sava u Beogradu od njegovog osnivanja 2001. godine, gde je do 2007. predavala slovena\u010dki jezik. Izabrana u Nacionalni savet slovena\u010dke nacionalne manjine u prvom i drugom sazivu. Predsednica Odbora za obrazovanje, autor i koautor kulturnih projekata, u kojima aktivno u\u010destvuju pre svega mladi. Pored brojnih nau\u010dnih \u010dlanaka autor je ili koautor Gramatike slovena\u010dkog jezika, Srpsko-slovena\u010dkog i slovena\u010dko-srpskog re\u010dnika, ud\u017ebenika za najvi\u0161i nivo u\u010denja slovena\u010dkog jezika i stru\u010dnih studija.<\/p>\n<p style=\"text-align: justify;\">Rojena 27. maja 1962 v Ljubljani, je v Beogradu kon\u010dala osnovno in srednjo \u0161olo, ter diplomirala, magistrirala in doktorirala na Filolo\u0161ki fakulteti v Beograd, kjer od l. 1989 pou\u010duje slovenski jezik, sedaj v nazivu redne profesorice. Na Filolo\u0161ki fakulteti v Beogradu je uvedla sloven\u0161\u010dino kot vzporedno \u0161tudijsko smer na Oddelku za splo\u0161no jezikoslovje. \u010clanica Dru\u0161tva Sava v Beogradu je od njegove ustanovitve leta 2001, kjer je do 2007. pou\u010devala slovenski jezik. Izvoljena je v Nacionalni svet slovenske narodne manj\u0161ine v prvem in drugem sklicu. Je predsednica Odbora za izobra\u017eevanje, avtorica in soavtorica kulturnih projektov, v katerih aktivno sodelujejo predvsem mladi. Poleg \u0161tevilnih znanstvenih \u010dlankov je avtorica ali soavtorica Slovenske slovnice, Srbsko-slovenskega in slovensko-srbskega slovarja, u\u010dbenika za najvi\u0161jo raven u\u010denja slovenskega jezika in strokovnih \u0161tudij.<\/p>\n<p style=\"text-align: justify;\">\n<p style=\"text-align: justify;\">\n<p style=\"text-align: justify;\"><a href=\"https:\/\/slovenci.rs\/wp-content\/uploads\/2012\/03\/m1.jpg\"><img loading=\"lazy\" decoding=\"async\" class=\"aligncenter size-medium wp-image-3785\" src=\"https:\/\/slovenci.rs\/wp-content\/uploads\/2012\/03\/m1-300x206.jpg\" alt=\"m1\" width=\"300\" height=\"206\" srcset=\"https:\/\/slovenci.rs\/wp-content\/uploads\/2012\/03\/m1-300x206.jpg 300w, https:\/\/slovenci.rs\/wp-content\/uploads\/2012\/03\/m1.jpg 303w\" sizes=\"auto, (max-width: 300px) 100vw, 300px\" \/><\/a><\/p>","protected":false},"excerpt":{"rendered":"<p>&nbsp; BIOGRAFIJA MAJA \u0110UKANOVI\u0106 Ro\u0111ena 27. maja 1962. u Ljubljani, u Beogradu zavr\u0161ila osnovnu i srednju \u0161kolu, gde je i diplomirala, magistrirala i doktorirala na Filolo\u0161kom fakultetu, na kojem od 1989. predaje slovena\u010dki jezik, sada u zvanju redovnog profesora. Na Filolo\u0161kom fakultetu u Beogradu je uvela studije slovena\u010dkog jezika kao paralelne studije na Katedri za [&hellip;]<\/p>\n","protected":false},"author":1,"featured_media":0,"parent":0,"menu_order":0,"comment_status":"closed","ping_status":"closed","template":"","meta":{"footnotes":""},"class_list":["post-3128","page","type-page","status-publish","hentry","post"],"_links":{"self":[{"href":"https:\/\/slovenci.rs\/sl\/wp-json\/wp\/v2\/pages\/3128","targetHints":{"allow":["GET"]}}],"collection":[{"href":"https:\/\/slovenci.rs\/sl\/wp-json\/wp\/v2\/pages"}],"about":[{"href":"https:\/\/slovenci.rs\/sl\/wp-json\/wp\/v2\/types\/page"}],"author":[{"embeddable":true,"href":"https:\/\/slovenci.rs\/sl\/wp-json\/wp\/v2\/users\/1"}],"replies":[{"embeddable":true,"href":"https:\/\/slovenci.rs\/sl\/wp-json\/wp\/v2\/comments?post=3128"}],"version-history":[{"count":4,"href":"https:\/\/slovenci.rs\/sl\/wp-json\/wp\/v2\/pages\/3128\/revisions"}],"predecessor-version":[{"id":5288,"href":"https:\/\/slovenci.rs\/sl\/wp-json\/wp\/v2\/pages\/3128\/revisions\/5288"}],"wp:attachment":[{"href":"https:\/\/slovenci.rs\/sl\/wp-json\/wp\/v2\/media?parent=3128"}],"curies":[{"name":"wp","href":"https:\/\/api.w.org\/{rel}","templated":true}]}}