{"id":3367,"date":"2018-01-17T14:47:24","date_gmt":"2018-01-17T13:47:24","guid":{"rendered":"https:\/\/slovenci.rs\/?page_id=3367"},"modified":"2018-01-18T14:13:12","modified_gmt":"2018-01-18T13:13:12","slug":"impresum-slovenika-3","status":"publish","type":"page","link":"https:\/\/slovenci.rs\/sl\/impresum-slovenika-3\/","title":{"rendered":"Impresum &#8211; Slovenika 3"},"content":{"rendered":"<p><strong>\u010casopis za kulturu, nauku i obrazovanje \/ \u010casopis za kulturo, znanost in izobra\u017eevanje III (2017)<\/strong><\/p>\n<p>ISSN: 2466-555X<br \/>\nISSN: 2466-2852 (Online)<\/p>\n<p><strong>Izdava\u010d \/ Zalo\u017enik<\/strong><br \/>\nUniverzitet u Beogradu, Filolo\u0161ki fakultet \/ Univerza v Beogradu, Filolo\u0161ka fakulteta i\/in Nacionalni savet slovena\u010dke nacionalne manjine \/ Nacionalni svet slovenske narodne manj\u0161ine<\/p>\n<p><strong>Za izdava\u010da \/ Za zalo\u017ebo<\/strong><br \/>\nProf. dr Ljiljana Markovi\u0107<br \/>\nSa\u0161a Verbi\u010d<\/p>\n<p><strong>Adresa izdava\u010da \/ Naslov uredni\u0161tva<\/strong><br \/>\nTerazije 3\/IX, 11000 Beograd<br \/>\ntel +381 (0)11 33 40 845<br \/>\ne-mail: <a href=\"mailto:nacionalnisvet@eunet.rs\" target=\"_blank\">nacionalnisvet@eunet.rs<\/a><br \/>\n<a href=\"https:\/\/slovenci.rs\/sl\/\" target=\"_blank\">www.slovenci.rs<\/a><\/p>\n<p><strong>Lektura i korektura \/ Lektoriranje in korektura<\/strong><br \/>\nSofija Miloradovi\u0107 (srpski), Milica \u0160evku\u0161i\u0107 (engleski), Tanja Tomazin (slovena\u010dki)<\/p>\n<p><strong>Dizajn korica i teksture \/ Oblikovanje naslovnice in teksture<\/strong><br \/>\nMarija Vauda<\/p>\n<p><strong>Grafi\u010dko oblikovanje \/ Grafi\u010dno oblikovanje<\/strong><br \/>\nJasmina Pucarevi\u0107<\/p>\n<p><strong>Tehni\u010dko ure\u0111ivanje elektronske verzije \u010dasopisa \/ Tehni\u010dna obdelava elektronskega izvoda \u010dasopisa<br \/>\n<\/strong>Milica \u0160evku\u0161i\u0107, Biljana Milenkovi\u0107-Vukovi\u0107<\/p>\n<p><strong>Tira\u017e \/ Naklada<\/strong><br \/>\n300<\/p>\n<p><strong>\u0160tampa \/ Tisk<\/strong><br \/>\nSGC Beograd<\/p>\n<p><strong>Glavni i odgovorni urednici \/ Glavni in odgovorni urednici<\/strong><br \/>\nProf. dr Maja \u0110ukanovi\u0107 (Univerzitet u Beogradu, Filolo\u0161ki fakultet, Srbija) i\/in Biljana Milenkovi\u0107-Vukovi\u0107 (Etnografski institut SANU, Beograd, Srbija)<\/p>\n<p><strong>Me\u0111unarodna redakcija \/ Mednarodni uredni\u0161ki odbor<\/strong><br \/>\nDr. Tatjana Bala\u017eic Bulc (Univerza v Ljubljani, Filozofska fakulteta, Slovenija), M.A. Dejan Georgiev (Univerza v Ljubljani, Filozofska fakulteta, Slovenija ), dr. Cvetka Hed\u017eet T\u00f3th (Univerza v Ljubljani, Filozofska fakulteta, Slovenija), prof. dr Borko Kova\u010devi\u0107 (Univerzitet u Beogradu, Filolo\u0161ki fakultet, Srbija), Silvija Krejakovi\u0107 (Narodni muzej, Kraljevo, Srbija), prof. dr \u017deljko Markovi\u0107 (Univerzitet u Novom Sadu, Filozofski fakultet, Srbija), dr. Mojca Nidorfer \u0160i\u0161kovi\u010d (Univerza v Ljubljani, Filozofska fakulteta, Slovenija), prof. dr. Mateja Pezdirc Bartol (Univerza v Ljubljani, Filozofska fakulteta, Slovenija), prof. dr Anica Sabo (Univerzitet u Beogradu, Fakultet muzi\u010dke umetnosti, Srbija), dr Milena Spremo (Zrenjanin, Srbija), dr Lada Stevanovi\u0107 (Etnografski institut SANU i Fakultet za medije i komunikaciju, Beograd, Srbija), dr. Janja \u017ditnik Serafin (ZRC SAZU, In\u0161titut za slovensko izseljenstvo in migracije, Ljubljana, Slovenija), Dragomir Zupanc (Beograd, Srbija).<\/p>\n<p><strong>Me\u0111unarodni izdava\u010dki savet \/ Mednarodni svetovalni odbor<\/strong><br \/>\nProf. dr Jurij Bajec (Beograd), dr Jadranka \u0110or\u0111evi\u0107 Crnobrnja (Beograd), dr. Zdenka Petermanec (Maribor), prof. dr Vesna Polovina (Beograd), dr Mladena Preli\u0107 (Beograd), dr. Nata\u0161a Rogelja (Ljubljana), dr. Alojzija Zupan Sosi\u010d (Ljubljana).<\/p>\n<p><strong>Sekretar redakcije \/ Tehni\u010dna urednica<\/strong><br \/>\nDr. Tanja Tomazin<\/p>\n<p>Tekstovi primljeni za objavljivanje na sastanku redakcije 23. 11. 2017. godine \/ Besedila sprejeta za objavo na sestanku redakcije 23. 11. 2017 leta<\/p>\n<p>\u010casopis se objavljuje jednom godi\u0161nje \/ \u010casopis izhaja enkrat na leto<\/p>\n<p>\u010casopis se besplatno mo\u017ee preuzeti sa sajta: \/ \u010casopis se lahko brezpla\u010dno prevzame s spletne strani: <a href=\"https:\/\/slovenci.rs\/sl\/\" target=\"_blank\">www.slovenci.rs<\/a><\/p>\n<p>\u0160tampanje publikacije finansirano je iz sredstava Ministarstva kulture i informisanja Republike Srbije i Nacionalnog saveta slovena\u010dke nacionalne manjine \/ Tiskanje publikacije je financirano iz sredstev Ministrstva kulture in informiranja Republike Srbije in Nacionalnega sveta slovenske narodne manj\u0161ine<\/p>\n<p><a href=\"https:\/\/slovenci.rs\/wp-content\/uploads\/2018\/01\/Autorska-izjava-Slovenika-srp.docx\" target=\"_blank\">Autorska izjava<\/a> \/ <a href=\"https:\/\/slovenci.rs\/wp-content\/uploads\/2018\/01\/Avtorska-izjava-Slovenika-slo.docx\" target=\"_blank\">Avtorska izjava<\/a><\/p>\n<p><a href=\"https:\/\/slovenci.rs\/wp-content\/uploads\/2018\/01\/Ugovor-o-prenosu-prava.doc\" target=\"_blank\">Ugovor o prenosu autorskih prava<\/a><\/p>","protected":false},"excerpt":{"rendered":"<p>\u010casopis za kulturu, nauku i obrazovanje \/ \u010casopis za kulturo, znanost in izobra\u017eevanje III (2017) ISSN: 2466-555X ISSN: 2466-2852 (Online) Izdava\u010d \/ Zalo\u017enik Univerzitet u Beogradu, Filolo\u0161ki fakultet \/ Univerza v Beogradu, Filolo\u0161ka fakulteta i\/in Nacionalni savet slovena\u010dke nacionalne manjine \/ Nacionalni svet slovenske narodne manj\u0161ine Za izdava\u010da \/ Za zalo\u017ebo Prof. dr Ljiljana Markovi\u0107 [&hellip;]<\/p>\n","protected":false},"author":1,"featured_media":0,"parent":0,"menu_order":0,"comment_status":"closed","ping_status":"closed","template":"","meta":{"footnotes":""},"class_list":["post-3367","page","type-page","status-publish","hentry","post"],"_links":{"self":[{"href":"https:\/\/slovenci.rs\/sl\/wp-json\/wp\/v2\/pages\/3367","targetHints":{"allow":["GET"]}}],"collection":[{"href":"https:\/\/slovenci.rs\/sl\/wp-json\/wp\/v2\/pages"}],"about":[{"href":"https:\/\/slovenci.rs\/sl\/wp-json\/wp\/v2\/types\/page"}],"author":[{"embeddable":true,"href":"https:\/\/slovenci.rs\/sl\/wp-json\/wp\/v2\/users\/1"}],"replies":[{"embeddable":true,"href":"https:\/\/slovenci.rs\/sl\/wp-json\/wp\/v2\/comments?post=3367"}],"version-history":[{"count":7,"href":"https:\/\/slovenci.rs\/sl\/wp-json\/wp\/v2\/pages\/3367\/revisions"}],"predecessor-version":[{"id":3450,"href":"https:\/\/slovenci.rs\/sl\/wp-json\/wp\/v2\/pages\/3367\/revisions\/3450"}],"wp:attachment":[{"href":"https:\/\/slovenci.rs\/sl\/wp-json\/wp\/v2\/media?parent=3367"}],"curies":[{"name":"wp","href":"https:\/\/api.w.org\/{rel}","templated":true}]}}