{"id":3428,"date":"2018-01-17T16:12:06","date_gmt":"2018-01-17T15:12:06","guid":{"rendered":"https:\/\/slovenci.rs\/?page_id=3428"},"modified":"2018-01-17T16:15:22","modified_gmt":"2018-01-17T15:15:22","slug":"vojislav-martinov-slovenacka-polka-na-fruskoj-gori-slovenacki-rudari-u-rudniku-uglja-u-vrdniku","status":"publish","type":"page","link":"https:\/\/slovenci.rs\/sl\/vojislav-martinov-slovenacka-polka-na-fruskoj-gori-slovenacki-rudari-u-rudniku-uglja-u-vrdniku\/","title":{"rendered":"Vojislav Martinov, Slovena\u010dka polka na Fru\u0161koj gori: slovena\u010dki rudari u rudniku uglja u Vrdniku"},"content":{"rendered":"<p style=\"text-align: right;\">Slovenika III (2017) 59-72<br \/>\nPregledni rad<br \/>\nUDK: 314.15-026.48(=163.6)(497.113)\u201d18\/19\u201d<br \/>\n622.33.013(497.11)(091)<br \/>\nTeksti primljen za objavljivanje 23. 11. 2017.<br \/>\nBesedilo sprejeto za objavo 23. 11. 2017<br \/>\n<a href=\"https:\/\/slovenci.rs\/wp-content\/uploads\/2018\/01\/martinov-2017.pdf\" target=\"_blank\">\u010clanak (PDF) | \u010clanek (PDF) | Paper (PDF)<\/a><\/p>\n<p style=\"text-align: right;\">DOI: <a href=\"https:\/\/doi.org\/10.18485\/slovenika.2017.3.1.3\" target=\"_blank\">https:\/\/doi.org\/10.18485\/slovenika.2017.3.1.3<\/a><\/p>\n<p>Vojislav Martinov<br \/>\nMuzej Vojvodine<br \/>\nNovi Sad, Srbija<br \/>\n<a href=\"mailto:vojislav.martinov@muzejvojvodine.org.rs\" target=\"_blank\">vojislav.martinov@muzejvojvodine.org.rs<\/a><\/p>\n<h4>Slovena\u010dka polka na Fru\u0161koj gori: slovena\u010dki rudari u rudniku uglja u Vrdniku<\/h4>\n<p><em>Sa\u017eetak<\/em>: Prvi slovena\u010dki doseljenici u selo Vrdnik stigli su sedamdesetih godina XIX veka, kao stru\u010dna radna snaga za potrebe eksploatacije novootvorenih kopova rudnika uglja, u vlasni\u0161tvu zagreba\u010dke preduzetni\u010dke porodice Pongrac. U manjim talasima, doseljavanja slovena\u010dkih rudara nastavljena su i po\u010detkom XX veka, prate\u0107i ekspanziju rudnika, koji je do\u017eiveo svoj vrhunac u razdoblju izme\u0111u dva svetska rata. U ovom radu \u0107e biti dat kratak istorijski prikaz doseljavanja (i iseljavanja) slovena\u010dkog stanovni\u0161tva, sa akcentom stavljenim na karakteristike njihovog \u017eivota u vi\u0161enacionalnom industrijsko-agrarnom Vrdniku, kao i na materijalna svedo\u010danstva o kulturnom \u017eivotu rudarske zajednice u celini.<\/p>\n<p><em>Klju\u010dne re\u010di<\/em>: industrijsko nasle\u0111e, Slovenci, istorija rudarstva, Vrdnik<\/p>\n<p>&nbsp;<\/p>\n<p>Vojislav Martinov<br \/>\nMuzej Vojvodine<br \/>\nNovi Sad, Srbija<br \/>\n<a href=\"mailto:vojislav.martinov@muzejvojvodine.org.rs\" target=\"_blank\">vojislav.martinov@muzejvojvodine.org.rs<\/a><\/p>\n<h4>Slovenska polka na Fru\u0161ki gori: slovenski rudarji v rudniku oglja v Vrdniku<\/h4>\n<p><em>Povzetek<\/em>: Prvi slovenski priseljenci so v vas Vrdnik prispeli v sedemdesetih letih 19. stoletja, in sicer kot strokovna delovna mo\u010d za potrebe eksploatacije na novo odprtih kopov rudnika oglja v lastni\u0161tvu zagreb\u0161ke podjetni\u0161ke dru\u017eine Pongrac. V manj\u0161ih valovih se je priseljevanje slovenskih rudarjev nadaljevalo tudi v za\u010detku 20. stoletja, sinhrono z razmahom rudnika, ki je svoj vrhunec do\u017eivel v obdobju med dvema svetovnima vojnama. V \u010dlanku je podan kratek zgodovinski prikaz priseljevanja (in izseljevanja) slovenskih prebivalcev, s poudarkom na karakteristikah njihovega \u017eivljenja v ve\u010dnacionalnem industrijsko-agrarnem Vrdniku, kot tudi na materialnih pri\u010devanjih o kulturnem \u017eivljenju celotne rudarske skupnosti.<\/p>\n<p><em>Klju\u010dne besede<\/em>: industrijska dedi\u0161\u010dina, Slovenci, zgodovina rudarstva, Vrdnik<\/p>\n<p>&nbsp;<\/p>\n<p>Vojislav Martinov<br \/>\nMuseum of Vojvodina<br \/>\nNovi Sad, Serbia<br \/>\n<a href=\"mailto:vojislav.martinov@muzejvojvodine.org.rs\" target=\"_blank\">vojislav.martinov@muzejvojvodine.org.rs<\/a><\/p>\n<h4>Slovenian polka on Fru\u0161ka gora: Slovenian miners in the coal mine in Vrdnik<\/h4>\n<p><em>Abstract<\/em>: The first Slovenian immigrants arrived in the village of Vrdnik in the 1870s as professional labour force for the exploitation of the newly established coal mines, owned by the Zagreb-based entrepreneurial family Pongrac. Smaller waves of Slovenian miners continued to arrive in the early 20<sup>th<\/sup> century, following the expansion of the mine, which reached its peak between the two world wars. This paper presents a brief historical overview of the immigration (and emigration) of the Slovenian population, while highlighting the characteristics of their life in the multiethnic industrial and agricultural Vrdnik, as well as on the material evidence of the cultural life of the mining community as a whole.<\/p>\n<p><em>Keywords<\/em>: industrial heritage, Slovenians, history of mining, Vrdnik<\/p>","protected":false},"excerpt":{"rendered":"<p>Slovenika III (2017) 59-72 Pregledni rad UDK: 314.15-026.48(=163.6)(497.113)\u201d18\/19\u201d 622.33.013(497.11)(091) Teksti primljen za objavljivanje 23. 11. 2017. Besedilo sprejeto za objavo 23. 11. 2017 \u010clanak (PDF) | \u010clanek (PDF) | Paper (PDF) DOI: https:\/\/doi.org\/10.18485\/slovenika.2017.3.1.3 Vojislav Martinov Muzej Vojvodine Novi Sad, Srbija vojislav.martinov@muzejvojvodine.org.rs Slovena\u010dka polka na Fru\u0161koj gori: slovena\u010dki rudari u rudniku uglja u Vrdniku Sa\u017eetak: Prvi [&hellip;]<\/p>\n","protected":false},"author":1,"featured_media":0,"parent":0,"menu_order":0,"comment_status":"closed","ping_status":"closed","template":"","meta":{"footnotes":""},"class_list":["post-3428","page","type-page","status-publish","hentry","post"],"_links":{"self":[{"href":"https:\/\/slovenci.rs\/sl\/wp-json\/wp\/v2\/pages\/3428","targetHints":{"allow":["GET"]}}],"collection":[{"href":"https:\/\/slovenci.rs\/sl\/wp-json\/wp\/v2\/pages"}],"about":[{"href":"https:\/\/slovenci.rs\/sl\/wp-json\/wp\/v2\/types\/page"}],"author":[{"embeddable":true,"href":"https:\/\/slovenci.rs\/sl\/wp-json\/wp\/v2\/users\/1"}],"replies":[{"embeddable":true,"href":"https:\/\/slovenci.rs\/sl\/wp-json\/wp\/v2\/comments?post=3428"}],"version-history":[{"count":1,"href":"https:\/\/slovenci.rs\/sl\/wp-json\/wp\/v2\/pages\/3428\/revisions"}],"predecessor-version":[{"id":3429,"href":"https:\/\/slovenci.rs\/sl\/wp-json\/wp\/v2\/pages\/3428\/revisions\/3429"}],"wp:attachment":[{"href":"https:\/\/slovenci.rs\/sl\/wp-json\/wp\/v2\/media?parent=3428"}],"curies":[{"name":"wp","href":"https:\/\/api.w.org\/{rel}","templated":true}]}}