{"id":3465,"date":"2018-01-18T14:45:35","date_gmt":"2018-01-18T13:45:35","guid":{"rendered":"https:\/\/slovenci.rs\/?page_id=3465"},"modified":"2018-01-18T14:45:35","modified_gmt":"2018-01-18T13:45:35","slug":"jovanka-dordevic-jovanovic-marija-vuckovic-bilateralni-projekat-slovenci-u-srbiji-srbi-u-sloveniji-2006-2007","status":"publish","type":"page","link":"https:\/\/slovenci.rs\/sl\/jovanka-dordevic-jovanovic-marija-vuckovic-bilateralni-projekat-slovenci-u-srbiji-srbi-u-sloveniji-2006-2007\/","title":{"rendered":"Jovanka \u0110or\u0111evi\u0107 Jovanovi\u0107, Marija Vu\u010dkovi\u0107, Bilateralni projekat \u201eSlovenci u Srbiji \/ Srbi u Sloveniji\u201c (2006\u20132007))"},"content":{"rendered":"<div class=\"entry clearfix\">\n<div class=\"entry clearfix\">\n<p style=\"text-align: right;\">Slovenika III (2017) 139-142<br \/>\nPrikaz<\/p>\n<p>Jovanka \u0110or\u0111evi\u0107 Jovanovi\u0107<br \/>\nBalkanolo\u0161ki institut SANU<br \/>\nBeograd, Srbija<br \/>\n<a href=\"mailto:djordjevic.jovanka@gmail.com\">djordjevic.jovanka@gmail.com<\/a><\/p>\n<p>Marija Vu\u010dkovi\u0107<br \/>\nInstitut za srpski jezik SANU<br \/>\nBeograd, Srbija<br \/>\n<a href=\"mailto:marivu74@yahoo.com\">marivu74@yahoo.com<\/a><\/p>\n<h4>Bilateralni projekat \u201eSlovenci u Srbiji \/ Srbi u Sloveniji\u201c (2006\u20132007)<\/h4>\n<p><a href=\"https:\/\/slovenci.rs\/wp-content\/uploads\/2018\/01\/djordjevic-jovanovic-2017.pdf\" target=\"_blank\">\u010clanak (PDF) | \u010clanek (PDF) | Paper (PDF)<\/a><\/p>\n<\/div>\n<\/div>","protected":false},"excerpt":{"rendered":"<p>Slovenika III (2017) 139-142 Prikaz Jovanka \u0110or\u0111evi\u0107 Jovanovi\u0107 Balkanolo\u0161ki institut SANU Beograd, Srbija djordjevic.jovanka@gmail.com Marija Vu\u010dkovi\u0107 Institut za srpski jezik SANU Beograd, Srbija marivu74@yahoo.com Bilateralni projekat \u201eSlovenci u Srbiji \/ Srbi u Sloveniji\u201c (2006\u20132007) \u010clanak (PDF) | \u010clanek (PDF) | Paper (PDF)<\/p>","protected":false},"author":1,"featured_media":0,"parent":0,"menu_order":0,"comment_status":"closed","ping_status":"closed","template":"","meta":{"footnotes":""},"class_list":["post-3465","page","type-page","status-publish","hentry","post"],"_links":{"self":[{"href":"https:\/\/slovenci.rs\/sl\/wp-json\/wp\/v2\/pages\/3465","targetHints":{"allow":["GET"]}}],"collection":[{"href":"https:\/\/slovenci.rs\/sl\/wp-json\/wp\/v2\/pages"}],"about":[{"href":"https:\/\/slovenci.rs\/sl\/wp-json\/wp\/v2\/types\/page"}],"author":[{"embeddable":true,"href":"https:\/\/slovenci.rs\/sl\/wp-json\/wp\/v2\/users\/1"}],"replies":[{"embeddable":true,"href":"https:\/\/slovenci.rs\/sl\/wp-json\/wp\/v2\/comments?post=3465"}],"version-history":[{"count":1,"href":"https:\/\/slovenci.rs\/sl\/wp-json\/wp\/v2\/pages\/3465\/revisions"}],"predecessor-version":[{"id":3466,"href":"https:\/\/slovenci.rs\/sl\/wp-json\/wp\/v2\/pages\/3465\/revisions\/3466"}],"wp:attachment":[{"href":"https:\/\/slovenci.rs\/sl\/wp-json\/wp\/v2\/media?parent=3465"}],"curies":[{"name":"wp","href":"https:\/\/api.w.org\/{rel}","templated":true}]}}