{"id":3842,"date":"2018-12-17T06:49:38","date_gmt":"2018-12-17T05:49:38","guid":{"rendered":"https:\/\/slovenci.rs\/?page_id=3842"},"modified":"2023-02-13T01:55:40","modified_gmt":"2023-02-13T00:55:40","slug":"marija-vauda-pilipovic","status":"publish","type":"page","link":"https:\/\/slovenci.rs\/sl\/marija-vauda-pilipovic\/","title":{"rendered":"MARIJA VAUDA PILIPOVI\u0106"},"content":{"rendered":"<p>&nbsp;<\/p>\n<p style=\"text-align: justify;\">Marija Vauda Pilipovi\u0107, ro\u0111ena 1961. u Beogradu.<\/p>\n<p style=\"text-align: justify;\">Zavr\u0161ila Fakultet primenjene umetnosti u Beogradu 1986, katedra vajarstva. \u010clan Ulus-a. Ima status samostalnog umetnika.<\/p>\n<p style=\"text-align: justify;\">Profesionalno se bavi vizuelnom umetno\u0161\u0107u. Izlagala na brojnim samostalnim i grupnim izlo\u017ebama u zemlji inostranstvu. Radovi joj se nalaze u zbirci Muzeja savremene umetnosti u Beogradu i privatnim kolekcijama. Bavi se raznovrsnim aspektima vizuelne umetnosti (slika, skulptura, video, fotografija, crte\u017e, hepening, performans, digitalna slika), pisanjem o fenomenima u okviru umetnosti, pedago\u0161kim radom, primenjenom umetno\u0161\u0107u.<\/p>\n<p style=\"text-align: justify;\">Marija Vauda Pilipovi\u0107, rojena leta 1961 v Beogradu.<\/p>\n<p style=\"text-align: justify;\">Do\u0161tudirala je leta 1986 na Fakulteti uporabnih umetnosti v Beogradu, in sicer na oddelku za kiparstvo. Je \u010dlanica Ulus-a in ima status samostojne umetnice.<\/p>\n<p style=\"text-align: justify;\">Profesionalno se ukvarja z vizualno umetnostjo. Razstavljala je na mnogih samostojnih in skupinskih razstavah v doma\u010di in tudjih de\u017eelah. Njena dela se nahajajo v zbirki Muzeja sodobne umetnosti v Beogradu in v zasebnih zbirkah. Ukvarja se z raznovrstnimi spektakli vizualne umetnosti (slika, skulptura, video, fotografija, risba, happening, performans, digitalna slika), pisanjem o fenomenih v okviru umetnosti, s pedago\u0161kim delom in uporabno umetnostjo.<\/p>\n<p style=\"text-align: justify;\"><a href=\"https:\/\/slovenci.rs\/wp-content\/uploads\/2018\/12\/m5.jpg\"><img loading=\"lazy\" decoding=\"async\" class=\"aligncenter size-medium wp-image-3843\" src=\"https:\/\/slovenci.rs\/wp-content\/uploads\/2018\/12\/m5-298x300.jpg\" alt=\"m5\" width=\"298\" height=\"300\" srcset=\"https:\/\/slovenci.rs\/wp-content\/uploads\/2018\/12\/m5-298x300.jpg 298w, https:\/\/slovenci.rs\/wp-content\/uploads\/2018\/12\/m5-150x150.jpg 150w, https:\/\/slovenci.rs\/wp-content\/uploads\/2018\/12\/m5.jpg 301w\" sizes=\"auto, (max-width: 298px) 100vw, 298px\" \/><\/a><\/p>","protected":false},"excerpt":{"rendered":"<p>&nbsp; Marija Vauda Pilipovi\u0107, ro\u0111ena 1961. u Beogradu. Zavr\u0161ila Fakultet primenjene umetnosti u Beogradu 1986, katedra vajarstva. \u010clan Ulus-a. Ima status samostalnog umetnika. Profesionalno se bavi vizuelnom umetno\u0161\u0107u. Izlagala na brojnim samostalnim i grupnim izlo\u017ebama u zemlji inostranstvu. Radovi joj se nalaze u zbirci Muzeja savremene umetnosti u Beogradu i privatnim kolekcijama. Bavi se raznovrsnim [&hellip;]<\/p>\n","protected":false},"author":1,"featured_media":0,"parent":0,"menu_order":0,"comment_status":"closed","ping_status":"closed","template":"","meta":{"footnotes":""},"class_list":["post-3842","page","type-page","status-publish","hentry","post"],"_links":{"self":[{"href":"https:\/\/slovenci.rs\/sl\/wp-json\/wp\/v2\/pages\/3842","targetHints":{"allow":["GET"]}}],"collection":[{"href":"https:\/\/slovenci.rs\/sl\/wp-json\/wp\/v2\/pages"}],"about":[{"href":"https:\/\/slovenci.rs\/sl\/wp-json\/wp\/v2\/types\/page"}],"author":[{"embeddable":true,"href":"https:\/\/slovenci.rs\/sl\/wp-json\/wp\/v2\/users\/1"}],"replies":[{"embeddable":true,"href":"https:\/\/slovenci.rs\/sl\/wp-json\/wp\/v2\/comments?post=3842"}],"version-history":[{"count":3,"href":"https:\/\/slovenci.rs\/sl\/wp-json\/wp\/v2\/pages\/3842\/revisions"}],"predecessor-version":[{"id":5265,"href":"https:\/\/slovenci.rs\/sl\/wp-json\/wp\/v2\/pages\/3842\/revisions\/5265"}],"wp:attachment":[{"href":"https:\/\/slovenci.rs\/sl\/wp-json\/wp\/v2\/media?parent=3842"}],"curies":[{"name":"wp","href":"https:\/\/api.w.org\/{rel}","templated":true}]}}