{"id":5829,"date":"2026-01-25T16:17:08","date_gmt":"2026-01-25T15:17:08","guid":{"rendered":"https:\/\/slovenci.rs\/?page_id=5829"},"modified":"2026-01-25T16:17:56","modified_gmt":"2026-01-25T15:17:56","slug":"aleksandra-petrovic-put-postajanja-autorkom-o-zenskoj-strani-slovenacke-moderne","status":"publish","type":"page","link":"https:\/\/slovenci.rs\/sl\/aleksandra-petrovic-put-postajanja-autorkom-o-zenskoj-strani-slovenacke-moderne\/","title":{"rendered":"ALEKSANDRA PETROVI\u0106, PUT POSTAJANJA AUTORKOM: O \u017dENSKOJ STRANI SLOVENA\u010cKE MODERNE"},"content":{"rendered":"<p align=\"RIGHT\">Slovenika XI (2025) 223-226<br \/>\nPrikaz<\/p>\n<p>Aleksandra Petrovi\u0107<br \/>\nInstitut za knji\u017eevnost i umetnost<br \/>\nBeograd, Srbija<br \/>\n<a href=\"mailto:alek.petrov97@gmail.com\">alek.petrov97@gmail.com<\/a><br \/>\n<a href=\"https:\/\/orcid.org\/0009-0005-8314-1056\" target=\"_blank\" rel=\"noopener\">https:\/\/orcid.org\/0009-0005-8314-1056<\/a><\/p>\n<h4>Put postajanja autorkom: o \u017eenskoj strani slovena\u010dke moderne<\/h4>\n<p><a href=\"https:\/\/slovenci.rs\/wp-content\/uploads\/2026\/01\/Prikazi_AleksandraPetrovic.pdf\" target=\"_blank\" rel=\"noopener\">\u010clanak (PDF) | \u010clanek (PDF) | Paper (PDF)<\/a><\/p>","protected":false},"excerpt":{"rendered":"<p>Slovenika XI (2025) 223-226 Prikaz Aleksandra Petrovi\u0107 Institut za knji\u017eevnost i umetnost Beograd, Srbija alek.petrov97@gmail.com https:\/\/orcid.org\/0009-0005-8314-1056 Put postajanja autorkom: o \u017eenskoj strani slovena\u010dke moderne \u010clanak (PDF) | \u010clanek (PDF) | Paper (PDF)<\/p>","protected":false},"author":1,"featured_media":0,"parent":0,"menu_order":0,"comment_status":"closed","ping_status":"closed","template":"","meta":{"footnotes":""},"class_list":["post-5829","page","type-page","status-publish","hentry","post"],"_links":{"self":[{"href":"https:\/\/slovenci.rs\/sl\/wp-json\/wp\/v2\/pages\/5829","targetHints":{"allow":["GET"]}}],"collection":[{"href":"https:\/\/slovenci.rs\/sl\/wp-json\/wp\/v2\/pages"}],"about":[{"href":"https:\/\/slovenci.rs\/sl\/wp-json\/wp\/v2\/types\/page"}],"author":[{"embeddable":true,"href":"https:\/\/slovenci.rs\/sl\/wp-json\/wp\/v2\/users\/1"}],"replies":[{"embeddable":true,"href":"https:\/\/slovenci.rs\/sl\/wp-json\/wp\/v2\/comments?post=5829"}],"version-history":[{"count":2,"href":"https:\/\/slovenci.rs\/sl\/wp-json\/wp\/v2\/pages\/5829\/revisions"}],"predecessor-version":[{"id":5832,"href":"https:\/\/slovenci.rs\/sl\/wp-json\/wp\/v2\/pages\/5829\/revisions\/5832"}],"wp:attachment":[{"href":"https:\/\/slovenci.rs\/sl\/wp-json\/wp\/v2\/media?parent=5829"}],"curies":[{"name":"wp","href":"https:\/\/api.w.org\/{rel}","templated":true}]}}